{"id":131,"date":"2020-08-24T10:39:06","date_gmt":"2020-08-24T08:39:06","guid":{"rendered":"https:\/\/valorfrit.be\/?page_id=131"},"modified":"2025-11-08T18:19:08","modified_gmt":"2025-11-08T17:19:08","slug":"professionnels","status":"publish","type":"page","link":"https:\/\/valorfrit.be\/fr\/professionnels\/","title":{"rendered":"Collecte Professionnels"},"content":{"rendered":"\t\t<div data-elementor-type=\"wp-page\" data-elementor-id=\"131\" class=\"elementor elementor-131 elementor-12\" data-elementor-post-type=\"page\">\n\t\t\t\t<div class=\"elementor-element elementor-element-2198698c e-flex e-con-boxed e-con e-parent\" data-id=\"2198698c\" data-element_type=\"container\">\n\t\t\t\t\t<div class=\"e-con-inner\">\n\t\t<div class=\"elementor-element elementor-element-0ef4e7b e-con-full e-flex e-con e-child\" data-id=\"0ef4e7b\" data-element_type=\"container\">\n\t\t\t\t<div class=\"elementor-element elementor-element-77dff29 maintitle elementor-widget elementor-widget-text-editor\" data-id=\"77dff29\" data-element_type=\"widget\" data-widget_type=\"text-editor.default\">\n\t\t\t\t<div class=\"elementor-widget-container\">\n\t\t\t\t\t\t\t\t\t<h1><strong>Comment faire enlever vos huiles et graisses de friture usag\u00e9es en tant qu\u2019utilisateur professionnel?<\/strong><\/h1>\n\t\t\t\t\t\t\t\t<\/div>\n\t\t\t\t<\/div>\n\t\t\t\t<div class=\"elementor-element elementor-element-d4a5f55 elementor-widget__width-inherit elementor-widget-tablet__width-inherit elementor-widget elementor-widget-text-editor\" data-id=\"d4a5f55\" data-element_type=\"widget\" data-widget_type=\"text-editor.default\">\n\t\t\t\t<div class=\"elementor-widget-container\">\n\t\t\t\t\t\t\t\t\t<p>Les restaurants et les collectivit\u00e9s ont l\u2019obligation de changer fr\u00e9quemment leurs huiles de friture usag\u00e9e et g\u00e9n\u00e8rent donc de grandes quantit\u00e9s.<\/p>\n<p>Trouvez d\u00e8s maintenant le collecteur le plus proche et valorisez vos huiles de friture usag\u00e9es , tout en restant conforme \u00e0 la r\u00e9glementation.<\/p>\n\t\t\t\t\t\t\t\t<\/div>\n\t\t\t\t<\/div>\n\t\t\t\t<\/div>\n\t\t\t\t<div class=\"elementor-element elementor-element-35fdc58 elementor-widget elementor-widget-heading\" data-id=\"35fdc58\" data-element_type=\"widget\" data-widget_type=\"heading.default\">\n\t\t\t\t<div class=\"elementor-widget-container\">\n\t\t\t\t\t<h1 class=\"elementor-heading-title elementor-size-default\">Utilisateurs professionnels<\/h1>\t\t\t\t<\/div>\n\t\t\t\t<\/div>\n\t\t\t\t<div class=\"elementor-element elementor-element-931db6f elementor-widget elementor-widget-shortcode\" data-id=\"931db6f\" data-element_type=\"widget\" data-widget_type=\"shortcode.default\">\n\t\t\t\t<div class=\"elementor-widget-container\">\n\t\t\t\t\t\t\t<div class=\"elementor-shortcode\">\n\t<form id=\"form-filter\" ame=\"form-filter\" method=\"post\">\n\t\t<select id=\"filter-commune\" name=\"filter-commune\">\n\t\t<option value=\"0\">S\u00e9lectionnez<\/option>\n\t\t<option value=\"1\" >R\u00e9gion flamande<\/option>\n\t\t<option value=\"2\" >R\u00e9gion wallonne<\/option>\n\t\t<option value=\"3\" >Bruxelles<\/option>\n\t\t<select>\n\t\t<\/select>\n\t<form>\n\t<script>\n\twindow.addEventListener('load', function(event) {\n\t\tjQuery('#filter-commune').on('change', function() {\n\t\t\t\tjQuery('#form-filter').submit();\n\t\t\t});\n\t});\n\t<\/script>\n\t<\/div>\n\t\t\t\t\t\t<\/div>\n\t\t\t\t<\/div>\n\t\t\t\t\t<\/div>\n\t\t\t\t<\/div>\n\t\t\t\t<\/div>\n\t\t","protected":false},"excerpt":{"rendered":"<p>Comment faire enlever vos huiles et graisses de friture usag\u00e9es en tant qu\u2019utilisateur professionnel? Les restaurants et les collectivit\u00e9s ont l\u2019obligation de changer fr\u00e9quemment leurs huiles de friture usag\u00e9e et g\u00e9n\u00e8rent donc de grandes quantit\u00e9s. Trouvez d\u00e8s maintenant le collecteur le plus proche et valorisez vos huiles de friture usag\u00e9es , tout en restant conforme [&hellip;]<\/p>\n","protected":false},"author":1,"featured_media":0,"parent":0,"menu_order":0,"comment_status":"closed","ping_status":"closed","template":"","meta":{"_acf_changed":false,"inline_featured_image":false,"footnotes":""},"class_list":["post-131","page","type-page","status-publish","hentry"],"acf":[],"_links":{"self":[{"href":"https:\/\/valorfrit.be\/fr\/wp-json\/wp\/v2\/pages\/131","targetHints":{"allow":["GET"]}}],"collection":[{"href":"https:\/\/valorfrit.be\/fr\/wp-json\/wp\/v2\/pages"}],"about":[{"href":"https:\/\/valorfrit.be\/fr\/wp-json\/wp\/v2\/types\/page"}],"author":[{"embeddable":true,"href":"https:\/\/valorfrit.be\/fr\/wp-json\/wp\/v2\/users\/1"}],"replies":[{"embeddable":true,"href":"https:\/\/valorfrit.be\/fr\/wp-json\/wp\/v2\/comments?post=131"}],"version-history":[{"count":15,"href":"https:\/\/valorfrit.be\/fr\/wp-json\/wp\/v2\/pages\/131\/revisions"}],"predecessor-version":[{"id":3657,"href":"https:\/\/valorfrit.be\/fr\/wp-json\/wp\/v2\/pages\/131\/revisions\/3657"}],"wp:attachment":[{"href":"https:\/\/valorfrit.be\/fr\/wp-json\/wp\/v2\/media?parent=131"}],"curies":[{"name":"wp","href":"https:\/\/api.w.org\/{rel}","templated":true}]}}