{"id":2539,"date":"2025-07-03T16:00:57","date_gmt":"2025-07-03T14:00:57","guid":{"rendered":"https:\/\/valorfrit.be\/?page_id=2539"},"modified":"2025-08-17T12:06:42","modified_gmt":"2025-08-17T10:06:42","slug":"a-propos","status":"publish","type":"page","link":"https:\/\/valorfrit.be\/fr\/a-propos\/","title":{"rendered":"A propos"},"content":{"rendered":"\t\t<div data-elementor-type=\"wp-page\" data-elementor-id=\"2539\" class=\"elementor elementor-2539\" data-elementor-post-type=\"page\">\n\t\t\t\t<div class=\"elementor-element elementor-element-a7aeeb0 e-flex e-con-boxed e-con e-parent\" data-id=\"a7aeeb0\" data-element_type=\"container\">\n\t\t\t\t\t<div class=\"e-con-inner\">\n\t\t<div class=\"elementor-element elementor-element-f713ab3 e-con-full e-flex e-con e-child\" data-id=\"f713ab3\" data-element_type=\"container\">\n\t\t\t\t<div class=\"elementor-element elementor-element-dcc7591 maintitle elementor-widget elementor-widget-text-editor\" data-id=\"dcc7591\" data-element_type=\"widget\" data-widget_type=\"text-editor.default\">\n\t\t\t\t<div class=\"elementor-widget-container\">\n\t\t\t\t\t\t\t\t\t<h1>Valorfrit, la fili\u00e8re <br \/>de collecte et de valorisation<br \/>des huiles et graisses de friture<\/h1>\t\t\t\t\t\t\t\t<\/div>\n\t\t\t\t<\/div>\n\t\t\t\t<div class=\"elementor-element elementor-element-dc40e7e elementor-widget__width-initial elementor-widget-tablet__width-inherit elementor-widget elementor-widget-text-editor\" data-id=\"dc40e7e\" data-element_type=\"widget\" data-widget_type=\"text-editor.default\">\n\t\t\t\t<div class=\"elementor-widget-container\">\n\t\t\t\t\t\t\t\t\t<p>Cr\u00e9\u00e9 en 2004, Valorfrit encourage la collecte des huiles et graisses de friture usag\u00e9es, tant aupr\u00e8s des m\u00e9nages que des professionnels.<\/p><p>Notre r\u00f4le\u202f? Accompagner et coordonner la collecte, le recyclage et la valorisation de ces huiles, en collaboration avec les intercommunales, les collecteurs agr\u00e9\u00e9s et les autorit\u00e9s r\u00e9gionales.<\/p><p>Nous participons activement \u00e0 la mise en place de r\u00e9seaux de points de collecte (parcs de recyclage, supermarch\u00e9s, etc.), tout en menant des actions d&rsquo;information et de sensibilisation sur les bons gestes \u00e0 adopter.<\/p>\t\t\t\t\t\t\t\t<\/div>\n\t\t\t\t<\/div>\n\t\t\t\t<\/div>\n\t\t<div class=\"elementor-element elementor-element-bfc5bef e-con-full e-flex e-con e-child\" data-id=\"bfc5bef\" data-element_type=\"container\">\n\t\t\t\t<div class=\"elementor-element elementor-element-a89943e elementor-widget elementor-widget-image\" data-id=\"a89943e\" data-element_type=\"widget\" data-widget_type=\"image.default\">\n\t\t\t\t<div class=\"elementor-widget-container\">\n\t\t\t\t\t\t\t\t\t\t\t\t\t\t\t<img fetchpriority=\"high\" decoding=\"async\" width=\"882\" height=\"882\" src=\"https:\/\/valorfrit.be\/wp-content\/uploads\/2025\/06\/friture.png\" class=\"attachment-full size-full wp-image-2978\" alt=\"\" srcset=\"https:\/\/valorfrit.be\/wp-content\/uploads\/2025\/06\/friture.png 882w, https:\/\/valorfrit.be\/wp-content\/uploads\/2025\/06\/friture-300x300.png 300w, https:\/\/valorfrit.be\/wp-content\/uploads\/2025\/06\/friture-150x150.png 150w, https:\/\/valorfrit.be\/wp-content\/uploads\/2025\/06\/friture-768x768.png 768w\" sizes=\"(max-width: 882px) 100vw, 882px\" \/>\t\t\t\t\t\t\t\t\t\t\t\t\t\t\t<\/div>\n\t\t\t\t<\/div>\n\t\t\t\t<\/div>\n\t\t\t\t\t<\/div>\n\t\t\t\t<\/div>\n\t\t<div class=\"elementor-element elementor-element-b99f865 e-flex e-con-boxed e-con e-parent\" data-id=\"b99f865\" data-element_type=\"container\" id=\"systemesimple\" data-settings=\"{&quot;background_background&quot;:&quot;classic&quot;}\">\n\t\t\t\t\t<div class=\"e-con-inner\">\n\t\t<div class=\"elementor-element elementor-element-76863cd e-con-full e-flex e-con e-child\" data-id=\"76863cd\" data-element_type=\"container\">\n\t\t\t\t<div class=\"elementor-element elementor-element-5bfba12 elementor-widget elementor-widget-image\" data-id=\"5bfba12\" data-element_type=\"widget\" data-widget_type=\"image.default\">\n\t\t\t\t<div class=\"elementor-widget-container\">\n\t\t\t\t\t\t\t\t\t\t\t\t\t\t\t<img decoding=\"async\" width=\"882\" height=\"882\" src=\"https:\/\/valorfrit.be\/wp-content\/uploads\/2025\/06\/bouchon-liege.png\" class=\"attachment-full size-full wp-image-2992\" alt=\"\" srcset=\"https:\/\/valorfrit.be\/wp-content\/uploads\/2025\/06\/bouchon-liege.png 882w, https:\/\/valorfrit.be\/wp-content\/uploads\/2025\/06\/bouchon-liege-300x300.png 300w, https:\/\/valorfrit.be\/wp-content\/uploads\/2025\/06\/bouchon-liege-150x150.png 150w, https:\/\/valorfrit.be\/wp-content\/uploads\/2025\/06\/bouchon-liege-768x768.png 768w\" sizes=\"(max-width: 882px) 100vw, 882px\" \/>\t\t\t\t\t\t\t\t\t\t\t\t\t\t\t<\/div>\n\t\t\t\t<\/div>\n\t\t\t\t<\/div>\n\t\t<div class=\"elementor-element elementor-element-7718207 e-con-full e-flex e-con e-child\" data-id=\"7718207\" data-element_type=\"container\">\n\t\t\t\t<div class=\"elementor-element elementor-element-ea38a31 maintitle elementor-widget elementor-widget-text-editor\" data-id=\"ea38a31\" data-element_type=\"widget\" data-widget_type=\"text-editor.default\">\n\t\t\t\t<div class=\"elementor-widget-container\">\n\t\t\t\t\t\t\t\t\t<h2>Valorfrit repose <br \/>sur un syst\u00e8me simple,<\/h2>\t\t\t\t\t\t\t\t<\/div>\n\t\t\t\t<\/div>\n\t\t\t\t<div class=\"elementor-element elementor-element-4fe53fa elementor-widget__width-inherit elementor-widget-tablet__width-inherit elementor-widget elementor-widget-text-editor\" data-id=\"4fe53fa\" data-element_type=\"widget\" data-widget_type=\"text-editor.default\">\n\t\t\t\t<div class=\"elementor-widget-container\">\n\t\t\t\t\t\t\t\t\t<p>Transparent et gratuit pour les entreprises participantes.<br \/>Un syst\u00e8me d\u2019autant plus important aujourd\u2019hui, \u00e0 l\u2019heure o\u00f9 ce d\u00e9chet peut \u00eatre transform\u00e9 en ressources pr\u00e9cieuses, comme par exemple en biocarburants.<\/p><p>Des diff\u00e9rences significatives existent entre les r\u00e9gions.<br \/>Pour toute question, n\u2019h\u00e9sitez pas \u00e0 nous<strong> <a href=\"mailto:info@valorfrit.be\">contacter<\/a><\/strong>.<\/p>\t\t\t\t\t\t\t\t<\/div>\n\t\t\t\t<\/div>\n\t\t\t\t<\/div>\n\t\t\t\t\t<\/div>\n\t\t\t\t<\/div>\n\t\t<div class=\"elementor-element elementor-element-c2361ca e-flex e-con-boxed e-con e-parent\" data-id=\"c2361ca\" data-element_type=\"container\" id=\"contactdansapropos\">\n\t\t\t\t\t<div class=\"e-con-inner\">\n\t\t<div class=\"elementor-element elementor-element-0ef5e0b e-con-full e-flex e-con e-child\" data-id=\"0ef5e0b\" data-element_type=\"container\" data-settings=\"{&quot;background_background&quot;:&quot;classic&quot;}\">\n\t\t<div class=\"elementor-element elementor-element-47ad7d6 e-con-full e-flex e-con e-child\" data-id=\"47ad7d6\" data-element_type=\"container\">\n\t\t\t\t<div class=\"elementor-element elementor-element-da10464 elementor-widget elementor-widget-text-editor\" data-id=\"da10464\" data-element_type=\"widget\" data-widget_type=\"text-editor.default\">\n\t\t\t\t<div class=\"elementor-widget-container\">\n\t\t\t\t\t\t\t\t\t<h2>Une question ?<br \/>Contactez-nous !<\/h2>\t\t\t\t\t\t\t\t<\/div>\n\t\t\t\t<\/div>\n\t\t\t\t<div class=\"elementor-element elementor-element-3084fc3 elementor-widget elementor-widget-text-editor\" data-id=\"3084fc3\" data-element_type=\"widget\" data-widget_type=\"text-editor.default\">\n\t\t\t\t<div class=\"elementor-widget-container\">\n\t\t\t\t\t\t\t\t\t<p>Ou consultez notre <strong><a href=\"\/fr#faq\">FAQ<\/a><\/strong><\/p>\t\t\t\t\t\t\t\t<\/div>\n\t\t\t\t<\/div>\n\t\t\t\t<\/div>\n\t\t<div class=\"elementor-element elementor-element-ced3b41 e-con-full e-flex e-con e-child\" data-id=\"ced3b41\" data-element_type=\"container\">\n\t\t<div class=\"elementor-element elementor-element-8baf4c5 e-con-full e-flex e-con e-child\" data-id=\"8baf4c5\" data-element_type=\"container\">\n\t\t\t\t<div class=\"elementor-element elementor-element-e7844e1 elementor-widget elementor-widget-html\" data-id=\"e7844e1\" data-element_type=\"widget\" data-widget_type=\"html.default\">\n\t\t\t\t<div class=\"elementor-widget-container\">\n\t\t\t\t\t<svg width=\"46\" height=\"46\" viewBox=\"0 0 46 46\" fill=\"none\" xmlns=\"http:\/\/www.w3.org\/2000\/svg\">\n<rect x=\"5\" y=\"4.5\" width=\"36\" height=\"36\" rx=\"18\" fill=\"#003B0C\"\/>\n<path d=\"M15.8 21.5929C15.2991 21.5929 14.8929 21.999 14.8929 22.5C14.8929 23.001 15.2991 23.4071 15.8 23.4071L15.8 21.5929ZM30.8415 23.1414C31.1957 22.7872 31.1957 22.2128 30.8415 21.8586L25.0686 16.0857C24.7144 15.7315 24.14 15.7315 23.7858 16.0857C23.4315 16.44 23.4315 17.0143 23.7858 17.3686L28.9172 22.5L23.7858 27.6314C23.4315 27.9857 23.4315 28.56 23.7858 28.9143C24.14 29.2685 24.7144 29.2685 25.0686 28.9143L30.8415 23.1414ZM15.8 22.5L15.8 23.4071L30.2 23.4071L30.2 22.5L30.2 21.5929L15.8 21.5929L15.8 22.5Z\" fill=\"white\"\/>\n<circle cx=\"23\" cy=\"23\" r=\"22.3611\" stroke=\"#003B0C\" stroke-width=\"1.27778\"\/>\n<\/svg>\n\t\t\t\t<\/div>\n\t\t\t\t<\/div>\n\t\t\t\t<div class=\"elementor-element elementor-element-fb602cb elementor-widget elementor-widget-button\" data-id=\"fb602cb\" data-element_type=\"widget\" data-widget_type=\"button.default\">\n\t\t\t\t<div class=\"elementor-widget-container\">\n\t\t\t\t\t\t\t\t\t<div class=\"elementor-button-wrapper\">\n\t\t\t\t\t<a class=\"elementor-button elementor-button-link elementor-size-sm\" href=\"https:\/\/valorfrit.be\/fr\/contact\/\">\n\t\t\t\t\t\t<span class=\"elementor-button-content-wrapper\">\n\t\t\t\t\t\t\t\t\t<span class=\"elementor-button-text\">Contactez-nous<\/span>\n\t\t\t\t\t<\/span>\n\t\t\t\t\t<\/a>\n\t\t\t\t<\/div>\n\t\t\t\t\t\t\t\t<\/div>\n\t\t\t\t<\/div>\n\t\t\t\t<\/div>\n\t\t\t\t<\/div>\n\t\t\t\t<\/div>\n\t\t\t\t\t<\/div>\n\t\t\t\t<\/div>\n\t\t\t\t<\/div>\n\t\t","protected":false},"excerpt":{"rendered":"<p>Valorfrit, la fili\u00e8re de collecte et de valorisationdes huiles et graisses de friture Cr\u00e9\u00e9 en 2004, Valorfrit encourage la collecte des huiles et graisses de friture usag\u00e9es, tant aupr\u00e8s des m\u00e9nages que des professionnels. Notre r\u00f4le\u202f? Accompagner et coordonner la collecte, le recyclage et la valorisation de ces huiles, en collaboration avec les intercommunales, les [&hellip;]<\/p>\n","protected":false},"author":10,"featured_media":0,"parent":0,"menu_order":0,"comment_status":"closed","ping_status":"closed","template":"","meta":{"_acf_changed":false,"inline_featured_image":false,"footnotes":""},"class_list":["post-2539","page","type-page","status-publish","hentry"],"acf":[],"_links":{"self":[{"href":"https:\/\/valorfrit.be\/fr\/wp-json\/wp\/v2\/pages\/2539","targetHints":{"allow":["GET"]}}],"collection":[{"href":"https:\/\/valorfrit.be\/fr\/wp-json\/wp\/v2\/pages"}],"about":[{"href":"https:\/\/valorfrit.be\/fr\/wp-json\/wp\/v2\/types\/page"}],"author":[{"embeddable":true,"href":"https:\/\/valorfrit.be\/fr\/wp-json\/wp\/v2\/users\/10"}],"replies":[{"embeddable":true,"href":"https:\/\/valorfrit.be\/fr\/wp-json\/wp\/v2\/comments?post=2539"}],"version-history":[{"count":122,"href":"https:\/\/valorfrit.be\/fr\/wp-json\/wp\/v2\/pages\/2539\/revisions"}],"predecessor-version":[{"id":3580,"href":"https:\/\/valorfrit.be\/fr\/wp-json\/wp\/v2\/pages\/2539\/revisions\/3580"}],"wp:attachment":[{"href":"https:\/\/valorfrit.be\/fr\/wp-json\/wp\/v2\/media?parent=2539"}],"curies":[{"name":"wp","href":"https:\/\/api.w.org\/{rel}","templated":true}]}}